{"id":174,"date":"2021-05-20T13:50:24","date_gmt":"2021-05-20T12:50:24","guid":{"rendered":"https:\/\/www.la-vitrolle.fr\/vin\/?page_id=174"},"modified":"2024-03-28T16:05:41","modified_gmt":"2024-03-28T15:05:41","slug":"mentions-legales-et-politique-de-confidentialite","status":"publish","type":"page","link":"https:\/\/www.la-vitrolle.fr\/vin\/mentions-legales-et-politique-de-confidentialite\/","title":{"rendered":"Mentions l\u00e9gales et politique de confidentialit\u00e9"},"content":{"rendered":"\n<style type=\"text\/css\" data-created_by=\"avia_inline_auto\" id=\"style-css-av-k1bvkope-f395285588eeef362099464359015404\">\n#top .av-special-heading.av-k1bvkope-f395285588eeef362099464359015404{\npadding-bottom:10px;\nfont-size:38px;\n}\nbody .av-special-heading.av-k1bvkope-f395285588eeef362099464359015404 .av-special-heading-tag .heading-char{\nfont-size:25px;\n}\n#top #wrap_all .av-special-heading.av-k1bvkope-f395285588eeef362099464359015404 .av-special-heading-tag{\nfont-size:38px;\n}\n.av-special-heading.av-k1bvkope-f395285588eeef362099464359015404 .av-subheading{\nfont-size:15px;\n}\n\n@media only screen and (min-width: 480px) and (max-width: 767px){ \n#top #wrap_all .av-special-heading.av-k1bvkope-f395285588eeef362099464359015404 .av-special-heading-tag{\nfont-size:0.8em;\n}\n}\n\n@media only screen and (max-width: 479px){ \n#top #wrap_all .av-special-heading.av-k1bvkope-f395285588eeef362099464359015404 .av-special-heading-tag{\nfont-size:0.8em;\n}\n}\n<\/style>\n<div  class='av-special-heading av-k1bvkope-f395285588eeef362099464359015404 av-special-heading-h1 blockquote modern-quote  avia-builder-el-0  el_before_av_two_fifth  avia-builder-el-first  av-inherit-size'><h1 class='av-special-heading-tag '  itemprop=\"headline\"  >Mentions l\u00e9gales et politique de confidentialit\u00e9<\/h1><div class=\"special-heading-border\"><div class=\"special-heading-inner-border\"><\/div><\/div><\/div>\n\n<style type=\"text\/css\" data-created_by=\"avia_inline_auto\" id=\"style-css-av-eiscm-28b161779acfdd2ea956947c3a2f9b09\">\n.flex_column.av-eiscm-28b161779acfdd2ea956947c3a2f9b09{\nborder-radius:0px 0px 0px 0px;\npadding:0px 0px 0px 0px;\n}\n<\/style>\n<div  class='flex_column av-eiscm-28b161779acfdd2ea956947c3a2f9b09 av_two_fifth  avia-builder-el-1  el_after_av_heading  el_before_av_three_fifth  first flex_column_div av-zero-column-padding  '     ><p><section  class='av_textblock_section av-k1bvj283-31ff0af91a0372ecab2a406b14d55879 '   itemscope=\"itemscope\" itemtype=\"https:\/\/schema.org\/CreativeWork\" ><div class='avia_textblock'  itemprop=\"text\" ><p><strong>Editeur : SCEA DU DOMAINE DE LA VITROLLE<\/strong><br \/>\nSCEA au capital de 1 400 549,09 \u20ac<br \/>\nSiret : 35153429200021 &#8211; APE : 0124Z<br \/>\nRCS : Bergerac D 351 534 292<br \/>\nAdresse : 24510 Limeuil &#8211; France<br \/>\nT\u00e9l\u00e9phone : 05 53 61 58 58<br \/>\nEmail : <a href=\"mailto:lavitrolle.chai@orange.fr\">lavitrolle.chai@orange.fr<\/a><br \/>\nWeb : <a href=\"https:\/\/la-vitrolle.fr\/vin\" target=\"_blank\" rel=\"noopener noreferrer\">https:\/\/la-vitrolle.fr\/vin<\/a><\/p>\n<p><strong>Responsable de la publication : Bernadette REY<\/strong><\/p>\n<p><strong>R\u00e9alisation du site internet : Internet Dordogne<\/strong><br \/>\nAdresse : 22 rue du Coteau &#8211; 24000 P\u00e9rigueux<br \/>\nT\u00e9l\u00e9phone : 07 69 42 48 45<br \/>\nEmail : <a href=\"mailto:contact@internet-dordogne.com\">contact@internet-dordogne.com<\/a><br \/>\nWeb : <a href=\"https:\/\/www.internet-dordogne.com\">https:\/\/www.internet-dordogne.com<\/a><\/p>\n<p><strong>H\u00e9bergement du site internet : Internet Dordogne<\/strong><br \/>\nAdresse : 22 rue du Coteau &#8211; 24000 P\u00e9rigueux<br \/>\nT\u00e9l\u00e9phone : 07 69 42 48 45<br \/>\nEmail : <a href=\"mailto:contact@internet-dordogne.com\">contact@internet-dordogne.com<\/a><br \/>\nWeb : <a href=\"https:\/\/www.internet-dordogne.com\">https:\/\/www.internet-dordogne.com<\/a><\/p>\n<p><strong>\u00a9 Photos<\/strong> : Domaine de La Vitrolle, Pixabay et DR<\/p>\n<\/div><\/section><br \/>\n\n<style type=\"text\/css\" data-created_by=\"avia_inline_auto\" id=\"style-css-av-knypmodr-e58be989689dc33d1809287e0c039799\">\n#top .hr.hr-invisible.av-knypmodr-e58be989689dc33d1809287e0c039799{\nheight:10px;\n}\n<\/style>\n<div  class='hr av-knypmodr-e58be989689dc33d1809287e0c039799 hr-invisible  avia-builder-el-3  el_after_av_textblock  el_before_av_image '><span class='hr-inner '><span class=\"hr-inner-style\"><\/span><\/span><\/div><br \/>\n\n<style type=\"text\/css\" data-created_by=\"avia_inline_auto\" id=\"style-css-av-knyplzyq-5d20374d178a254b6b44e27b040888aa\">\n.avia-image-container.av-knyplzyq-5d20374d178a254b6b44e27b040888aa img.avia_image{\nbox-shadow:none;\n}\n.avia-image-container.av-knyplzyq-5d20374d178a254b6b44e27b040888aa .av-image-caption-overlay-center{\ncolor:#ffffff;\n}\n<\/style>\n<div  class='avia-image-container av-knyplzyq-5d20374d178a254b6b44e27b040888aa av-styling- avia-align-left  avia-builder-el-4  el_after_av_hr  avia-builder-el-last '   itemprop=\"image\" itemscope=\"itemscope\" itemtype=\"https:\/\/schema.org\/ImageObject\" ><div class=\"avia-image-container-inner\"><div class=\"avia-image-overlay-wrap\"><img decoding=\"async\" fetchpriority=\"high\" class='wp-image-1302 avia-img-lazy-loading-not-1302 avia_image ' src=\"https:\/\/www.la-vitrolle.fr\/vin\/wp-content\/uploads\/2021\/09\/vigne-domaine-de-la-vitrolle.jpg\" alt='' title='vigne-domaine-de-la-vitrolle'  height=\"600\" width=\"400\"  itemprop=\"thumbnailUrl\" srcset=\"https:\/\/www.la-vitrolle.fr\/vin\/wp-content\/uploads\/2021\/09\/vigne-domaine-de-la-vitrolle.jpg 400w, https:\/\/www.la-vitrolle.fr\/vin\/wp-content\/uploads\/2021\/09\/vigne-domaine-de-la-vitrolle-200x300.jpg 200w\" sizes=\"(max-width: 400px) 100vw, 400px\" \/><\/div><\/div><\/div><\/p><\/div>\n<style type=\"text\/css\" data-created_by=\"avia_inline_auto\" id=\"style-css-av-8f9km-10e88a6ccb540f75cd93374913b8adc6\">\n.flex_column.av-8f9km-10e88a6ccb540f75cd93374913b8adc6{\nborder-radius:0px 0px 0px 0px;\npadding:0px 0px 0px 0px;\n}\n<\/style>\n<div  class='flex_column av-8f9km-10e88a6ccb540f75cd93374913b8adc6 av_three_fifth  avia-builder-el-5  el_after_av_two_fifth  avia-builder-el-last  flex_column_div av-zero-column-padding  '     ><section  class='av_textblock_section av-k1bvj8w1-640e05c35cfd359de86654a5acfbbbc6 '   itemscope=\"itemscope\" itemtype=\"https:\/\/schema.org\/CreativeWork\" ><div class='avia_textblock'  itemprop=\"text\" ><p><strong>Politique de confidentialit\u00e9<\/strong><br \/>\nSCEA du Domaine de La Vitrolle recueille sur ce site des donn\u00e9es personnelles d\u2019internautes l&rsquo;ayant contact\u00e9, via notamment le formulaire. Dans le cadre des dispositions du R\u00e8glement G\u00e9n\u00e9ral sur la Protection des Donn\u00e9es (RGPD), SCEA du Domaine de La Vitrolle ne traite que les donn\u00e9es personnelles suivantes : nom et coordonn\u00e9es fournis par l&rsquo;internaute. La finalit\u00e9 de traitement de ces donn\u00e9es personnelles est de permettre \u00e0 SCEA du Domaine de La Vitrolle de r\u00e9pondre aux demandes des internautes.<br \/>\nLes donn\u00e9es personnelles collect\u00e9es sur ce site ne sont trait\u00e9es que par les membres de SCEA du Domaine de La Vitrolle. Elles ne seront vendues, \u00e9chang\u00e9es ou c\u00e9d\u00e9es \u00e0 aucune autre entreprise ou entit\u00e9 ext\u00e9rieure. SCEA du Domaine de La Vitrolle garantit la confidentialit\u00e9 des donn\u00e9es personnelles trait\u00e9es.<br \/>\nLes donn\u00e9es personnelles sont stock\u00e9es en grande majorit\u00e9 sur des serveurs d\u2019h\u00e9bergement situ\u00e9s dans l\u2019Union Europ\u00e9enne.<br \/>\nConform\u00e9ment aux r\u00e8gles de la Commission Nationale de l&rsquo;Informatique et des Libert\u00e9s (CNIL), SCEA du Domaine de La Vitrolle s\u2019engage \u00e0 conserver ces donn\u00e9es personnelles, sauf obligation l\u00e9gale ou r\u00e9glementaire contraire, pour une dur\u00e9e maximale de trois ans \u00e0 compter du dernier contact avec l\u2019internaute.<br \/>\nA l\u2019issue de cette dur\u00e9e ou en cas d\u2019exercice de leurs droits par les internautes, SCEA du Domaine de La Vitrolle s\u2019engage \u00e0 d\u00e9truire les donn\u00e9es personnelles des internautes qu\u2019elle d\u00e9tiendrait.<br \/>\nSCEA du Domaine de La Vitrolle s\u2019engage, au titre de son obligation de moyens, \u00e0 prendre toutes les pr\u00e9cautions utiles et \u00e0 mettre en \u0153uvre les mesures techniques et organisationnelles appropri\u00e9es pour garantir un niveau de s\u00e9curit\u00e9 adapt\u00e9 pour prot\u00e9ger les donn\u00e9es personnelles des internautes.<\/p>\n<p><strong>Suppression ou modification des donn\u00e9es personnelles<\/strong><br \/>\nLes internautes ont la possibilit\u00e9 d\u2019exercer leurs droits d\u2019acc\u00e8s, de rectification, d\u2019effacement, d\u2019opposition, de limitation du traitement, de portabilit\u00e9 de leurs donn\u00e9es personnelles, droit de ne pas faire l\u2019objet d\u2019une d\u00e9cision individuelle automatis\u00e9e et droit de r\u00e9vocation de leur consentement, concernant les donn\u00e9es personnelles qu\u2019ils fournissent.<br \/>\nPour exercer l\u2019un de ces droits, il convient d\u2019adresser une demande par email \u00e0 <a href=\"mailto:lavitrolle.chai@orange.fr\">lavitrolle.chai@orange.fr<\/a>.<\/p>\n<p><strong>Cookies (traceurs)<\/strong><br \/>\nLa navigation sur ce site internet est susceptible d\u2019entrainer l\u2019installation de cookies sur l\u2019ordinateur de l\u2019utilisateur.<br \/>\nLes donn\u00e9es obtenues par le biais de ces cookies visent notamment \u00e0 faciliter la navigation sur ce site.<br \/>\nL\u2019utilisateur du site a la possibilit\u00e9 de d\u00e9sactiver les cookies en se rendant dans les options de son navigateur web.<\/p>\n<p><strong>Statistiques<\/strong><br \/>\nSCEA du Domaine de La Vitrolle utilise l&rsquo;outil statistique de fr\u00e9quentation Google Analytics qui installe des cookies pour collecter des donn\u00e9es. Afin de se conformer \u00e0 la nouvelle r\u00e9glementation, Google a inclus une modification au traitement des donn\u00e9es que les internautes peuvent consulter sur son site. SCEA du Domaine de La Vitrolle s\u2019engage \u00e0 traiter anonymement les donn\u00e9es collect\u00e9es et \u00e0 d\u00e9sactiver le partage de donn\u00e9es.<\/p>\n<p><strong>Responsabilit\u00e9<\/strong><br \/>\nSCEA du Domaine de La Vitrolle d\u00e9cline toute responsabilit\u00e9 quant aux \u00e9ventuels dysfonctionnements pouvant survenir sur ce site et entra\u00eener une perte de donn\u00e9es ou une indisponibilit\u00e9 de l\u2019acc\u00e8s aux informations produites sur celui-ci. L\u2019internaute est seul responsable de l\u2019utilisation qu\u2019il fait du contenu de ce site.<\/p>\n<\/div><\/section><\/div><\/p>\n","protected":false},"excerpt":{"rendered":"","protected":false},"author":3,"featured_media":0,"parent":0,"menu_order":0,"comment_status":"closed","ping_status":"closed","template":"","meta":{"footnotes":""},"class_list":["post-174","page","type-page","status-publish","hentry"],"yoast_head":"<!-- This site is optimized with the Yoast SEO plugin v27.6 - https:\/\/yoast.com\/product\/yoast-seo-wordpress\/ -->\n<title>Mentions l\u00e9gales Vin de pays du P\u00e9rigord IGP Domaine de La Vitrolle, vin du P\u00e9rigord (Dordogne 24)<\/title>\n<meta name=\"description\" content=\"Au coeur de la Dordogne et du P\u00e9rigord, le Domaine de La Vitrolle vous propose de d\u00e9guster ses vins de pays du P\u00e9rigord IGP (Indication g\u00e9ographique prot\u00e9g\u00e9e) rouge, ros\u00e9, blanc sec, blanc moelleux issus de son vignoble situ\u00e9 \u00e0 Limeuil en Dordogne (24). Toute la gamme : Vin rouge Domaine de La Vitrolle, Vin rouge Demoiselle de Limeuil, Vin ros\u00e9 des Pierrailles, Vin blanc moelleux et Vin et blanc sec Chevalier de la Demoiselle.\" \/>\n<meta name=\"robots\" content=\"index, follow, max-snippet:-1, max-image-preview:large, max-video-preview:-1\" \/>\n<link rel=\"canonical\" href=\"https:\/\/www.la-vitrolle.fr\/vin\/mentions-legales-et-politique-de-confidentialite\/\" \/>\n<meta property=\"og:locale\" content=\"fr_FR\" \/>\n<meta property=\"og:type\" content=\"article\" \/>\n<meta property=\"og:title\" content=\"Mentions l\u00e9gales Vin de pays du P\u00e9rigord IGP Domaine de La Vitrolle, vin du P\u00e9rigord (Dordogne 24)\" \/>\n<meta property=\"og:description\" content=\"Au coeur de la Dordogne et du P\u00e9rigord, le Domaine de La Vitrolle vous propose de d\u00e9guster ses vins de pays du P\u00e9rigord IGP (Indication g\u00e9ographique prot\u00e9g\u00e9e) rouge, ros\u00e9, blanc sec, blanc moelleux issus de son vignoble situ\u00e9 \u00e0 Limeuil en Dordogne (24). Toute la gamme : Vin rouge Domaine de La Vitrolle, Vin rouge Demoiselle de Limeuil, Vin ros\u00e9 des Pierrailles, Vin blanc moelleux et Vin et blanc sec Chevalier de la Demoiselle.\" \/>\n<meta property=\"og:url\" content=\"https:\/\/www.la-vitrolle.fr\/vin\/mentions-legales-et-politique-de-confidentialite\/\" \/>\n<meta property=\"og:site_name\" content=\"Domaine de La Vitrolle, vin de pays du P\u00e9rigord\" \/>\n<meta property=\"article:modified_time\" content=\"2024-03-28T15:05:41+00:00\" \/>\n<meta name=\"twitter:card\" content=\"summary_large_image\" \/>\n<meta name=\"twitter:label1\" content=\"Dur\u00e9e de lecture estim\u00e9e\" \/>\n\t<meta name=\"twitter:data1\" content=\"6 minutes\" \/>\n<script type=\"application\/ld+json\" class=\"yoast-schema-graph\">{\"@context\":\"https:\\\/\\\/schema.org\",\"@graph\":[{\"@type\":\"WebPage\",\"@id\":\"https:\\\/\\\/www.la-vitrolle.fr\\\/vin\\\/mentions-legales-et-politique-de-confidentialite\\\/\",\"url\":\"https:\\\/\\\/www.la-vitrolle.fr\\\/vin\\\/mentions-legales-et-politique-de-confidentialite\\\/\",\"name\":\"Mentions l\u00e9gales Vin de pays du P\u00e9rigord IGP Domaine de La Vitrolle, vin du P\u00e9rigord (Dordogne 24)\",\"isPartOf\":{\"@id\":\"https:\\\/\\\/www.la-vitrolle.fr\\\/vin\\\/#website\"},\"datePublished\":\"2021-05-20T12:50:24+00:00\",\"dateModified\":\"2024-03-28T15:05:41+00:00\",\"description\":\"Au coeur de la Dordogne et du P\u00e9rigord, le Domaine de La Vitrolle vous propose de d\u00e9guster ses vins de pays du P\u00e9rigord IGP (Indication g\u00e9ographique prot\u00e9g\u00e9e) rouge, ros\u00e9, blanc sec, blanc moelleux issus de son vignoble situ\u00e9 \u00e0 Limeuil en Dordogne (24). Toute la gamme : Vin rouge Domaine de La Vitrolle, Vin rouge Demoiselle de Limeuil, Vin ros\u00e9 des Pierrailles, Vin blanc moelleux et Vin et blanc sec Chevalier de la Demoiselle.\",\"breadcrumb\":{\"@id\":\"https:\\\/\\\/www.la-vitrolle.fr\\\/vin\\\/mentions-legales-et-politique-de-confidentialite\\\/#breadcrumb\"},\"inLanguage\":\"fr-FR\",\"potentialAction\":[{\"@type\":\"ReadAction\",\"target\":[\"https:\\\/\\\/www.la-vitrolle.fr\\\/vin\\\/mentions-legales-et-politique-de-confidentialite\\\/\"]}]},{\"@type\":\"BreadcrumbList\",\"@id\":\"https:\\\/\\\/www.la-vitrolle.fr\\\/vin\\\/mentions-legales-et-politique-de-confidentialite\\\/#breadcrumb\",\"itemListElement\":[{\"@type\":\"ListItem\",\"position\":1,\"name\":\"Accueil\",\"item\":\"https:\\\/\\\/www.la-vitrolle.fr\\\/vin\\\/\"},{\"@type\":\"ListItem\",\"position\":2,\"name\":\"Mentions l\u00e9gales et politique de confidentialit\u00e9\"}]},{\"@type\":\"WebSite\",\"@id\":\"https:\\\/\\\/www.la-vitrolle.fr\\\/vin\\\/#website\",\"url\":\"https:\\\/\\\/www.la-vitrolle.fr\\\/vin\\\/\",\"name\":\"Domaine de La Vitrolle, vin de pays du P\u00e9rigord\",\"description\":\"Location de manoir en Dordogne P\u00e9rigord\",\"publisher\":{\"@id\":\"https:\\\/\\\/www.la-vitrolle.fr\\\/vin\\\/#organization\"},\"potentialAction\":[{\"@type\":\"SearchAction\",\"target\":{\"@type\":\"EntryPoint\",\"urlTemplate\":\"https:\\\/\\\/www.la-vitrolle.fr\\\/vin\\\/?s={search_term_string}\"},\"query-input\":{\"@type\":\"PropertyValueSpecification\",\"valueRequired\":true,\"valueName\":\"search_term_string\"}}],\"inLanguage\":\"fr-FR\"},{\"@type\":\"Organization\",\"@id\":\"https:\\\/\\\/www.la-vitrolle.fr\\\/vin\\\/#organization\",\"name\":\"Domaine de La Vitrolle - Vin de pays du P\u00e9rigord\",\"url\":\"https:\\\/\\\/www.la-vitrolle.fr\\\/vin\\\/\",\"logo\":{\"@type\":\"ImageObject\",\"inLanguage\":\"fr-FR\",\"@id\":\"https:\\\/\\\/www.la-vitrolle.fr\\\/vin\\\/#\\\/schema\\\/logo\\\/image\\\/\",\"url\":\"https:\\\/\\\/www.la-vitrolle.fr\\\/vin\\\/wp-content\\\/uploads\\\/2021\\\/09\\\/logo-vitrolle-vin-230px.jpg\",\"contentUrl\":\"https:\\\/\\\/www.la-vitrolle.fr\\\/vin\\\/wp-content\\\/uploads\\\/2021\\\/09\\\/logo-vitrolle-vin-230px.jpg\",\"width\":230,\"height\":125,\"caption\":\"Domaine de La Vitrolle - Vin de pays du P\u00e9rigord\"},\"image\":{\"@id\":\"https:\\\/\\\/www.la-vitrolle.fr\\\/vin\\\/#\\\/schema\\\/logo\\\/image\\\/\"}}]}<\/script>\n<!-- \/ Yoast SEO plugin. -->","yoast_head_json":{"title":"Mentions l\u00e9gales Vin de pays du P\u00e9rigord IGP Domaine de La Vitrolle, vin du P\u00e9rigord (Dordogne 24)","description":"Au coeur de la Dordogne et du P\u00e9rigord, le Domaine de La Vitrolle vous propose de d\u00e9guster ses vins de pays du P\u00e9rigord IGP (Indication g\u00e9ographique prot\u00e9g\u00e9e) rouge, ros\u00e9, blanc sec, blanc moelleux issus de son vignoble situ\u00e9 \u00e0 Limeuil en Dordogne (24). Toute la gamme : Vin rouge Domaine de La Vitrolle, Vin rouge Demoiselle de Limeuil, Vin ros\u00e9 des Pierrailles, Vin blanc moelleux et Vin et blanc sec Chevalier de la Demoiselle.","robots":{"index":"index","follow":"follow","max-snippet":"max-snippet:-1","max-image-preview":"max-image-preview:large","max-video-preview":"max-video-preview:-1"},"canonical":"https:\/\/www.la-vitrolle.fr\/vin\/mentions-legales-et-politique-de-confidentialite\/","og_locale":"fr_FR","og_type":"article","og_title":"Mentions l\u00e9gales Vin de pays du P\u00e9rigord IGP Domaine de La Vitrolle, vin du P\u00e9rigord (Dordogne 24)","og_description":"Au coeur de la Dordogne et du P\u00e9rigord, le Domaine de La Vitrolle vous propose de d\u00e9guster ses vins de pays du P\u00e9rigord IGP (Indication g\u00e9ographique prot\u00e9g\u00e9e) rouge, ros\u00e9, blanc sec, blanc moelleux issus de son vignoble situ\u00e9 \u00e0 Limeuil en Dordogne (24). Toute la gamme : Vin rouge Domaine de La Vitrolle, Vin rouge Demoiselle de Limeuil, Vin ros\u00e9 des Pierrailles, Vin blanc moelleux et Vin et blanc sec Chevalier de la Demoiselle.","og_url":"https:\/\/www.la-vitrolle.fr\/vin\/mentions-legales-et-politique-de-confidentialite\/","og_site_name":"Domaine de La Vitrolle, vin de pays du P\u00e9rigord","article_modified_time":"2024-03-28T15:05:41+00:00","twitter_card":"summary_large_image","twitter_misc":{"Dur\u00e9e de lecture estim\u00e9e":"6 minutes"},"schema":{"@context":"https:\/\/schema.org","@graph":[{"@type":"WebPage","@id":"https:\/\/www.la-vitrolle.fr\/vin\/mentions-legales-et-politique-de-confidentialite\/","url":"https:\/\/www.la-vitrolle.fr\/vin\/mentions-legales-et-politique-de-confidentialite\/","name":"Mentions l\u00e9gales Vin de pays du P\u00e9rigord IGP Domaine de La Vitrolle, vin du P\u00e9rigord (Dordogne 24)","isPartOf":{"@id":"https:\/\/www.la-vitrolle.fr\/vin\/#website"},"datePublished":"2021-05-20T12:50:24+00:00","dateModified":"2024-03-28T15:05:41+00:00","description":"Au coeur de la Dordogne et du P\u00e9rigord, le Domaine de La Vitrolle vous propose de d\u00e9guster ses vins de pays du P\u00e9rigord IGP (Indication g\u00e9ographique prot\u00e9g\u00e9e) rouge, ros\u00e9, blanc sec, blanc moelleux issus de son vignoble situ\u00e9 \u00e0 Limeuil en Dordogne (24). Toute la gamme : Vin rouge Domaine de La Vitrolle, Vin rouge Demoiselle de Limeuil, Vin ros\u00e9 des Pierrailles, Vin blanc moelleux et Vin et blanc sec Chevalier de la Demoiselle.","breadcrumb":{"@id":"https:\/\/www.la-vitrolle.fr\/vin\/mentions-legales-et-politique-de-confidentialite\/#breadcrumb"},"inLanguage":"fr-FR","potentialAction":[{"@type":"ReadAction","target":["https:\/\/www.la-vitrolle.fr\/vin\/mentions-legales-et-politique-de-confidentialite\/"]}]},{"@type":"BreadcrumbList","@id":"https:\/\/www.la-vitrolle.fr\/vin\/mentions-legales-et-politique-de-confidentialite\/#breadcrumb","itemListElement":[{"@type":"ListItem","position":1,"name":"Accueil","item":"https:\/\/www.la-vitrolle.fr\/vin\/"},{"@type":"ListItem","position":2,"name":"Mentions l\u00e9gales et politique de confidentialit\u00e9"}]},{"@type":"WebSite","@id":"https:\/\/www.la-vitrolle.fr\/vin\/#website","url":"https:\/\/www.la-vitrolle.fr\/vin\/","name":"Domaine de La Vitrolle, vin de pays du P\u00e9rigord","description":"Location de manoir en Dordogne P\u00e9rigord","publisher":{"@id":"https:\/\/www.la-vitrolle.fr\/vin\/#organization"},"potentialAction":[{"@type":"SearchAction","target":{"@type":"EntryPoint","urlTemplate":"https:\/\/www.la-vitrolle.fr\/vin\/?s={search_term_string}"},"query-input":{"@type":"PropertyValueSpecification","valueRequired":true,"valueName":"search_term_string"}}],"inLanguage":"fr-FR"},{"@type":"Organization","@id":"https:\/\/www.la-vitrolle.fr\/vin\/#organization","name":"Domaine de La Vitrolle - Vin de pays du P\u00e9rigord","url":"https:\/\/www.la-vitrolle.fr\/vin\/","logo":{"@type":"ImageObject","inLanguage":"fr-FR","@id":"https:\/\/www.la-vitrolle.fr\/vin\/#\/schema\/logo\/image\/","url":"https:\/\/www.la-vitrolle.fr\/vin\/wp-content\/uploads\/2021\/09\/logo-vitrolle-vin-230px.jpg","contentUrl":"https:\/\/www.la-vitrolle.fr\/vin\/wp-content\/uploads\/2021\/09\/logo-vitrolle-vin-230px.jpg","width":230,"height":125,"caption":"Domaine de La Vitrolle - Vin de pays du P\u00e9rigord"},"image":{"@id":"https:\/\/www.la-vitrolle.fr\/vin\/#\/schema\/logo\/image\/"}}]}},"_links":{"self":[{"href":"https:\/\/www.la-vitrolle.fr\/vin\/wp-json\/wp\/v2\/pages\/174","targetHints":{"allow":["GET"]}}],"collection":[{"href":"https:\/\/www.la-vitrolle.fr\/vin\/wp-json\/wp\/v2\/pages"}],"about":[{"href":"https:\/\/www.la-vitrolle.fr\/vin\/wp-json\/wp\/v2\/types\/page"}],"author":[{"embeddable":true,"href":"https:\/\/www.la-vitrolle.fr\/vin\/wp-json\/wp\/v2\/users\/3"}],"replies":[{"embeddable":true,"href":"https:\/\/www.la-vitrolle.fr\/vin\/wp-json\/wp\/v2\/comments?post=174"}],"version-history":[{"count":0,"href":"https:\/\/www.la-vitrolle.fr\/vin\/wp-json\/wp\/v2\/pages\/174\/revisions"}],"wp:attachment":[{"href":"https:\/\/www.la-vitrolle.fr\/vin\/wp-json\/wp\/v2\/media?parent=174"}],"curies":[{"name":"wp","href":"https:\/\/api.w.org\/{rel}","templated":true}]}}